{"id":56,"date":"2012-01-03T11:21:16","date_gmt":"2012-01-03T09:21:16","guid":{"rendered":"http:\/\/new.oh1aa.net\/web\/?page_id=56"},"modified":"2013-02-28T21:23:17","modified_gmt":"2013-02-28T19:23:17","slug":"oh1au","status":"publish","type":"page","link":"http:\/\/www.oh1aa.net\/web\/asemat\/oh1au\/","title":{"rendered":"OH1AU VHF\/UHF asema"},"content":{"rendered":"<p><strong>OH1AU<\/strong> sijaitsee korkealla Ruskon Rotavuoren p\u00e4\u00e4ll\u00e4 aivan Turun lentokent\u00e4n etel\u00e4p\u00e4\u00e4dyss\u00e4 ja on p\u00e4\u00e4asiallisin VHF\/UHF-asemamme. Syy t\u00e4h\u00e4n on selv\u00e4, sijainti antaa kyseenalaistamattoman edun OH1AA sommeloon n\u00e4hden. M\u00e4en p\u00e4\u00e4lt\u00e4 on esteet\u00f6n l\u00e4ht\u00f6 RF:lle joka ilmansuuntaan ja n\u00e4kym\u00e4tkin ovat silmi\u00e4 hipovat. Aseman rakennus on hyvin vaatimaton pieni koppi, jossa kuitenkin kaikki tarvittavat radiot ja vahvistimet v\u00e4lille 6m-23cm sek\u00e4 tarvittavat mukavuudet workkimiselle.<\/p>\n<p><img decoding=\"async\" src=\"http:\/\/www.oh1aa.net\/pub_pics\/All_Antennas_OH1AU_29_03_05x.jpg\" alt=\"\" \/><br \/>\nKuvassa OH1AU:n koppero ja antennivarustusta.<\/p>\n<p>Koimme hetkellisi\u00e4 haasteita OH1AU:n vuokrasopimuksen ja s\u00e4hk\u00f6istyksen kanssa, mutta nyt sopimukset ovat taas kunnossa ja s\u00e4hk\u00f6t ovat takaisin. Omatoiminen kulku OH1AU:lle on kielletty johtuen uusista kulkemisj\u00e4rjestelyist\u00e4. Workkimaan kuitenkin p\u00e4\u00e4see ottamalla ensin yhteytt\u00e4 OH1AA:n hallitukseen (Yhdistys\/Yhteystiedot) niin k\u00e4yd\u00e4\u00e4n protokolla yhdess\u00e4 l\u00e4pi.<\/p>\n","protected":false},"excerpt":{"rendered":"<p>OH1AU sijaitsee korkealla Ruskon Rotavuoren p\u00e4\u00e4ll\u00e4 aivan Turun lentokent\u00e4n etel\u00e4p\u00e4\u00e4dyss\u00e4 ja on p\u00e4\u00e4asiallisin VHF\/UHF-asemamme. Syy t\u00e4h\u00e4n on selv\u00e4, sijainti antaa kyseenalaistamattoman edun OH1AA sommeloon n\u00e4hden. M\u00e4en p\u00e4\u00e4lt\u00e4 on esteet\u00f6n l\u00e4ht\u00f6 RF:lle joka ilmansuuntaan ja n\u00e4kym\u00e4tkin ovat silmi\u00e4 hipovat. Aseman rakennus on hyvin vaatimaton pieni koppi, jossa kuitenkin kaikki tarvittavat radiot ja vahvistimet v\u00e4lille 6m-23cm sek\u00e4 &hellip; <a href=\"http:\/\/www.oh1aa.net\/web\/asemat\/oh1au\/\" class=\"more-link\">Jatka lukemista <span class=\"screen-reader-text\">OH1AU VHF\/UHF asema<\/span> <span class=\"meta-nav\">&rarr;<\/span><\/a><\/p>\n","protected":false},"author":2,"featured_media":0,"parent":11,"menu_order":0,"comment_status":"open","ping_status":"open","template":"","meta":{"footnotes":""},"class_list":["post-56","page","type-page","status-publish","hentry"],"_links":{"self":[{"href":"http:\/\/www.oh1aa.net\/web\/wp-json\/wp\/v2\/pages\/56","targetHints":{"allow":["GET"]}}],"collection":[{"href":"http:\/\/www.oh1aa.net\/web\/wp-json\/wp\/v2\/pages"}],"about":[{"href":"http:\/\/www.oh1aa.net\/web\/wp-json\/wp\/v2\/types\/page"}],"author":[{"embeddable":true,"href":"http:\/\/www.oh1aa.net\/web\/wp-json\/wp\/v2\/users\/2"}],"replies":[{"embeddable":true,"href":"http:\/\/www.oh1aa.net\/web\/wp-json\/wp\/v2\/comments?post=56"}],"version-history":[{"count":12,"href":"http:\/\/www.oh1aa.net\/web\/wp-json\/wp\/v2\/pages\/56\/revisions"}],"predecessor-version":[{"id":362,"href":"http:\/\/www.oh1aa.net\/web\/wp-json\/wp\/v2\/pages\/56\/revisions\/362"}],"up":[{"embeddable":true,"href":"http:\/\/www.oh1aa.net\/web\/wp-json\/wp\/v2\/pages\/11"}],"wp:attachment":[{"href":"http:\/\/www.oh1aa.net\/web\/wp-json\/wp\/v2\/media?parent=56"}],"curies":[{"name":"wp","href":"https:\/\/api.w.org\/{rel}","templated":true}]}}