{"id":4,"date":"2010-11-10T08:10:10","date_gmt":"2010-11-10T08:10:10","guid":{"rendered":"http:\/\/new.oh1aa.net\/web\/?page_id=4"},"modified":"2012-01-20T09:01:58","modified_gmt":"2012-01-20T07:01:58","slug":"saannot","status":"publish","type":"page","link":"http:\/\/www.oh1aa.net\/web\/yhdistys\/saannot\/","title":{"rendered":"S\u00e4\u00e4nn\u00f6t"},"content":{"rendered":"<div>\u00a0TURUN RADIOAMAT\u00d6\u00d6RIT RY<br \/>\nS\u00c4\u00c4NN\u00d6T<\/div>\n<p>&nbsp;<\/p>\n<p>Hyv\u00e4ksytty vuosikokouksessa 9.2.1995.<\/p>\n<p>1\u00a7 Turun Radioamat\u00f6\u00f6rit on siihen liittyneiden Turun kaupungin ja sen l\u00e4hialueella toimivien radioamat\u00f6\u00f6rien yhdistys. Sen kotipaikka on Turku.<\/p>\n<p>2\u00a7 Yhdistyksen tarkoituksena on:<\/p>\n<ol>\n<li>Radioamat\u00f6\u00f6riharrastuksen levitt\u00e4minen ja yll\u00e4pit\u00e4minen Turun kaupungissa ja sen l\u00e4hialueella\n<ol>\n<li>\n<ol type=\"A\">\n<li>toimimalla yhdyselimen\u00e4 yksityisille radioamat\u00f6\u00f6reille;<\/li>\n<li>avustamalla ja ohjaamalla k\u00e4yt\u00e4nn\u00f6llisesti ja tietopuolisesti muita radioamat\u00f6\u00f6riksi pyrkivi\u00e4 henkil\u00f6it\u00e4;<\/li>\n<li>toimeenpanemalla leiri-, kurssi- ja luentotilaisuuksia radioamat\u00f6\u00f6rien tietojen ja taitojen edist\u00e4miseksi;<\/li>\n<li>j\u00e4rjest\u00e4m\u00e4ll\u00e4 n\u00e4yttelyj\u00e4, radioesityksi\u00e4, kilpailuja jne.<\/li>\n<\/ol>\n<\/li>\n<\/ol>\n<\/li>\n<li>Perustaa kokeiluasemia ja hankkia niille sek\u00e4 j\u00e4senilleen radiolaitteita, kokeilu- ja mittausv\u00e4lineit\u00e4 sek\u00e4 alaa koskevaa kirjallisuutta, julkaisuja yms.<\/li>\n<li>Valvoa radioamat\u00f6\u00f6rien etuja sek\u00e4 hyvien tapojen s\u00e4ilymist\u00e4 radioamat\u00f6\u00f6rien keskuudessa yleisten kansainv\u00e4listen periaatteiden mukaan.<\/li>\n<li>Toimia yhdistyksen toimialueen radioamat\u00f6\u00f6rien yhteisen\u00e4 edustajana koti- ja ulkomailla sek\u00e4 Suomen Radioamat\u00f6\u00f6riliitto ry:ss\u00e4 ja sen alaisissa muissa yhdistyksiss\u00e4 j\u00e4senen\u00e4.<\/li>\n<\/ol>\n<p>3\u00a7 Yhdistyksen j\u00e4seneksi p\u00e4\u00e4see jokainen Turun kaupungissa tai sen l\u00e4hialueella asuva Suomen Radioamat\u00f6\u00f6riliitto ry:n j\u00e4sen. Johtokunta voi hakemuksesta hyv\u00e4ksy\u00e4 j\u00e4seneksi my\u00f6s muita radioamat\u00f6\u00f6rej\u00e4, radioharrastajia ja radiotekniikasta kiinnostuneita henkil\u00f6it\u00e4.<\/p>\n<blockquote><p>Ilmoitus j\u00e4seneksi pyrkimisest\u00e4 on teht\u00e4v\u00e4 kirjallisesti yhdistyksen johtokunnalle.<\/p><\/blockquote>\n<blockquote><p>Yhdistykseen voi kuulua my\u00f6s johtokunnan hyv\u00e4ksymi\u00e4 kannattajaj\u00e4seni\u00e4, joilla ei kuitenkaan ole \u00e4\u00e4nioikeutta. Heid\u00e4n vuosimaksunsa suuruuden v\u00e4himm\u00e4ism\u00e4\u00e4r\u00e4n p\u00e4\u00e4tt\u00e4\u00e4 johtokunta.<\/p>\n<p>Yhdistykseen liittyess\u00e4\u00e4n j\u00e4sen sitoutuu noudattamaan voimassaolevia radiolakeja ja \u2013asetuksia sek\u00e4 yhdistyksen s\u00e4\u00e4nt\u00f6j\u00e4 ja ohjeita.<\/p><\/blockquote>\n<p>4\u00a7 Kunniaj\u00e4seneksi voi yhdistys johtokunnan esityksest\u00e4 vuosikokouksessa kutsua yhdistyksen tarkoitusperi\u00e4 ja radiotekniikkaa huomattavalla tavalla edist\u00e4neit\u00e4 tai muulla tavoin arvossa pit\u00e4mi\u00e4\u00e4n henkil\u00f6it\u00e4.<\/p>\n<blockquote><p>Kunniaj\u00e4sen on vapaa kaikista j\u00e4senmaksuista.<\/p><\/blockquote>\n<p>5\u00a7 Yhdistyksen j\u00e4sen on oikeutettu eroamaan yhdistyksest\u00e4 ilmoitettuaan siit\u00e4 kirjallisesti yhdistyksen johtokunnalle tai sen puheenjohtajalle tai suullisesti yhdistyksen kokouksessa, jolloin ilmoitus merkit\u00e4\u00e4n p\u00f6yt\u00e4kirjaan ja asiasta tehd\u00e4\u00e4n p\u00e4\u00e4t\u00f6s.<\/p>\n<p>6\u00a7 J\u00e4sen voidaan erottaa yhdistyksest\u00e4, jos h\u00e4n<\/p>\n<ol>\n<li>\n<ol>\n<li>j\u00e4tt\u00e4\u00e4 maksunsa m\u00e4\u00e4r\u00e4aikana suorittamatta;<\/li>\n<li>rikkoo yhdistyksen s\u00e4\u00e4nt\u00f6j\u00e4, tehtyj\u00e4 p\u00e4\u00e4t\u00f6ksi\u00e4 tai kunniaa ja hyvi\u00e4 tapoja vastaan.<\/li>\n<\/ol>\n<\/li>\n<\/ol>\n<blockquote><p>Erottamisesta p\u00e4\u00e4tt\u00e4\u00e4 yhdistyksen johtokunta. Erotettu j\u00e4sen on kuitenkin velvollinen suorittamaan kaikki maksunsa erottamisp\u00e4iv\u00e4\u00e4n saakka ja t\u00e4ytt\u00e4m\u00e4\u00e4n siihen menness\u00e4 kaikki tekem\u00e4ns\u00e4 sitoumukset. Jos j\u00e4sen ei ole tehnyt muuta s\u00e4\u00e4nt\u00f6jen vastaista kuin laiminly\u00f6nyt maksunsa, voidaan h\u00e4net hyv\u00e4ksy\u00e4 uudelleen j\u00e4seneksi maksunsa suoritettuaan.<\/p>\n<p>Mik\u00e4li erottamisen syyn\u00e4 on kohdassa 2 mainittu rikkomus on j\u00e4senelle varattava tilaisuus selityksen antamiseen asiassa.<\/p>\n<p>Erotettu yhdistyksen j\u00e4sen voi yhden vuoden kuluttua erottamisestaan uudelleen anoa yhdistyksen j\u00e4seneksi siten kuin n\u00e4iden s\u00e4\u00e4nt\u00f6jen 3\u00a7:ss\u00e4 on mainittu, jolloin yhdistyksen johtokunta p\u00e4\u00e4tt\u00e4\u00e4 j\u00e4seneksi hyv\u00e4ksymisest\u00e4.<\/p><\/blockquote>\n<p>7\u00a7 Yhdistyksen hallintoa ja omaisuutta hoitaa vuodeksi kerrallaan valittu johtokunta, jonka muodostavat puheenjohtaja ja kuusi j\u00e4sent\u00e4, joista yhden johtokunta valitsee varapuheenjohtajaksi. Sihteerin, taloudenhoitajan ja muut tarpeelliset toimihenkil\u00f6t valitsee johtokunta.<\/p>\n<p>8\u00a7 Johtokunta valitaan yhdistyksen vuosikokouksessa. Johtokunta kokoontuu puheenjohtajan kutsusta tai kun kaksi johtokunnan j\u00e4sent\u00e4 sit\u00e4 pyyt\u00e4\u00e4. Johtokunta on p\u00e4\u00e4t\u00f6svaltainen kolmen j\u00e4senen saapuvilla ollessa. Johtokunnan teht\u00e4v\u00e4n\u00e4 on valmistella asiat yhdistyksen kokouksiin sek\u00e4 valmistella ja esitt\u00e4\u00e4 yhdistyksen kokouksessa hyv\u00e4ksytt\u00e4viksi s\u00e4\u00e4nn\u00f6t ja muut m\u00e4\u00e4r\u00e4ykset, jotka ovat voimassa kunnes yhdistyksen kokous ne muuttaa tai peruttaa.<\/p>\n<blockquote><p>Yhdistyksen puheenjohtaja toimii puheenjohtajana johtokunnan kokouksissa, edustaa yhdistyst\u00e4 sek\u00e4 toimeenpanee johtokunnan ja yhdistyksen kokousten p\u00e4\u00e4t\u00f6kset, ellei niit\u00e4 ole annettu kenenk\u00e4\u00e4n toisen teht\u00e4v\u00e4ksi.<\/p><\/blockquote>\n<p>9\u00a7 Yhdistyksen nimen kirjoittavat joko puheenjohtaja ja varapuheenjohtaja yhdess\u00e4 tai jompikumpi yhdess\u00e4 sihteerin kanssa.<\/p>\n<p>10\u00a7 Yhdistyksen tilit p\u00e4\u00e4tet\u00e4\u00e4n vuosittain vuoden viimeiseen p\u00e4iv\u00e4\u00e4n menness\u00e4 ja ne on j\u00e4tett\u00e4v\u00e4 tilintarkastajille seuraavan vuoden tammikuun 15. p\u00e4iv\u00e4\u00e4n menness\u00e4. Tilit ja hallinnon tarkastaa kaksi tilintarkastajaa, joiden on annettava johtokunnalle tarkastuskertomuksensa kolme (3) p\u00e4iv\u00e4\u00e4 ennen yhdistyksen vuosikokousta.<\/p>\n<p>11\u00a7 Yhdistys kokoontuu vuosittain tammikuun 25. ja helmikuun 29. p\u00e4ivien v\u00e4lisen\u00e4 aikana vuosikokoukseen, jonka paikan ja l\u00e4hemm\u00e4n ajan johtokunta m\u00e4\u00e4r\u00e4\u00e4. Yhdistyksen muu kokous pidet\u00e4\u00e4n, kun johtokunta katsoo sen tarpeelliseksi tai milloin v\u00e4hint\u00e4\u00e4n 10 yhdistyksen j\u00e4sent\u00e4 sit\u00e4 kirjallisesti pyyt\u00e4\u00e4 ilmoitettua asiaa varten. Yhdistys voi my\u00f6skin vuosikokouksessaan p\u00e4\u00e4tt\u00e4\u00e4, milloin ja kuinka usein se kokoontuu toimintavuoden aikana s\u00e4\u00e4nn\u00f6llisesti toimintansa edellytt\u00e4miin kokouksiin tms. J\u00e4senten yhteisiin tilaisuuksiin.<\/p>\n<p>12\u00a7 Kutsu vuosikokoukseen ja muuhun kokoukseen toimitetaan kirjallisesti, v\u00e4hint\u00e4\u00e4n 10 p\u00e4iv\u00e4\u00e4 ennen kokousta, joko postitse tai Suomen Radioamat\u00f6\u00f6riliitto ry:n \u00e4\u00e4nenkannattajajulkaisussa sek\u00e4 radiotiedotuksena. Kokouskutsussa on mainittava t\u00e4rkeimm\u00e4t kokouksessa esiin tulevat asiat.<\/p>\n<p>13\u00a7 Yhdistyksen kokouksissa on jokaisella henkil\u00f6kohtaisesti l\u00e4sn\u00e4 olevalla tai valtakirjalla edustetulla yhdistyksen j\u00e4senell\u00e4 yksi \u00e4\u00e4ni. Valtakirjoja voi olla enint\u00e4\u00e4n viisi j\u00e4sent\u00e4 kohti. Valtakirjat tarkastetaan ennen kokousta. Kaikki vaalit toimitetaan suljetuin lipuin, jos yksikin j\u00e4sen sit\u00e4 vaatii. Vaaleissa voittaa yksinkertainen \u00e4\u00e4nten enemmist\u00f6. \u00c4\u00e4nten menness\u00e4 tasan ratkaisee arpa. Muissa tapauksissa \u00e4\u00e4nestet\u00e4\u00e4n avoimesti, ellei kokous toisin p\u00e4\u00e4t\u00e4. \u00c4\u00e4nten menness\u00e4 tasan puheenjohtajan \u00e4\u00e4ni ratkaisee.<\/p>\n<p>14\u00a7 Vuosikokouksessa k\u00e4sitell\u00e4\u00e4n seuraavat asiat:<\/p>\n<ol>\n<li>Valitaan kokoukselle puheenjohtaja, sihteerit ja p\u00f6yt\u00e4kirjojen tarkastajat.<\/li>\n<li>Esitet\u00e4\u00e4n johtokunnan laatima edellisen toimintavuoden vuosikertomus.<\/li>\n<li>Esitell\u00e4\u00e4n edellisen toimintavuoden tilit ja tilintarkastajien lausunto.<\/li>\n<li>P\u00e4\u00e4tet\u00e4\u00e4n johtokunnan vastuuvapaudesta tai toimenpiteist\u00e4, joihin vuosikertomus tai tilintarkastajien lausunto antaa aihetta.<\/li>\n<li>Vahvistetaan kuluvan toimintavuoden talousarvio, kirjaamis- ja vuosimaksut sek\u00e4 m\u00e4\u00e4r\u00e4t\u00e4\u00e4n johtokunnan j\u00e4senten ym. tarpeellisten toimihenkil\u00f6iden palkkiot.<\/li>\n<li>Valitaan yhdistykselle puheenjohtaja seuraavaan vuosikokoukseen asti.<\/li>\n<li>Valitaan muut johtokunnan j\u00e4senet seuraavaan vuosikokoukseen asti.<\/li>\n<li>Valitaan kaksi tilintarkastajaa ja heille varamiehet seuraavaan vuosikokoukseen asti.<\/li>\n<li>P\u00e4\u00e4tet\u00e4\u00e4n muista s\u00e4\u00e4nt\u00f6m\u00e4\u00e4r\u00e4isist\u00e4 tai johtokunnan esitt\u00e4mist\u00e4 kysymyksist\u00e4 ja asioista.<\/li>\n<li>K\u00e4sitell\u00e4\u00e4n ne j\u00e4senten j\u00e4tt\u00e4m\u00e4t esitykset, jotka on j\u00e4tetty kirjallisesti yhdistyksen johtokunnalle v\u00e4hint\u00e4\u00e4n viikkoa ennen kokousta.<\/li>\n<\/ol>\n<p>15\u00a7 Yhdistys on oikeutettu vastaanottamaan lahjoituksia ja testamentteja sek\u00e4 hankkimaan ja omistamaan radioasemia ja kiinteist\u00f6j\u00e4.<\/p>\n<p>16\u00a7 Jos yhdistyksen toiminta lopetetaan, on sen j\u00e4ljell\u00e4 olevat varat luovutettava ja jaettava l\u00e4hinn\u00e4 radioamat\u00f6\u00f6riaatetta edist\u00e4viin tarkoituksiin yhdistyksen toimialueelle siten kuin yhdistyksen kokous yksinkertaisella \u00e4\u00e4ntenenemmist\u00f6ll\u00e4 siit\u00e4 p\u00e4\u00e4tt\u00e4\u00e4.<\/p>\n<p>17\u00a7 N\u00e4iden s\u00e4\u00e4nt\u00f6jen muutosta ja lis\u00e4yst\u00e4 tai yhdistyksen lakkauttamista tarkoittavat kirjallisesti tehdyt esitykset on k\u00e4sitelt\u00e4v\u00e4 yhdistyksen kokouksessa ja siit\u00e4 on kokouskutsussa mainittava. Esitysten hyv\u00e4ksymiseen vaaditaan 2\/3 annetuista \u00e4\u00e4nist\u00e4.<\/p>\n<p>18\u00a7 Muissa suhteissa noudatetaan voimassaolevaa yhdistyslakia.<\/p>\n","protected":false},"excerpt":{"rendered":"<p>\u00a0TURUN RADIOAMAT\u00d6\u00d6RIT RY S\u00c4\u00c4NN\u00d6T &nbsp; Hyv\u00e4ksytty vuosikokouksessa 9.2.1995. 1\u00a7 Turun Radioamat\u00f6\u00f6rit on siihen liittyneiden Turun kaupungin ja sen l\u00e4hialueella toimivien radioamat\u00f6\u00f6rien yhdistys. Sen kotipaikka on Turku. 2\u00a7 Yhdistyksen tarkoituksena on: Radioamat\u00f6\u00f6riharrastuksen levitt\u00e4minen ja yll\u00e4pit\u00e4minen Turun kaupungissa ja sen l\u00e4hialueella toimimalla yhdyselimen\u00e4 yksityisille radioamat\u00f6\u00f6reille; avustamalla ja ohjaamalla k\u00e4yt\u00e4nn\u00f6llisesti ja tietopuolisesti muita radioamat\u00f6\u00f6riksi pyrkivi\u00e4 henkil\u00f6it\u00e4; toimeenpanemalla leiri-, &hellip; <a href=\"http:\/\/www.oh1aa.net\/web\/yhdistys\/saannot\/\" class=\"more-link\">Jatka lukemista <span class=\"screen-reader-text\">S\u00e4\u00e4nn\u00f6t<\/span> <span class=\"meta-nav\">&rarr;<\/span><\/a><\/p>\n","protected":false},"author":1,"featured_media":0,"parent":242,"menu_order":80,"comment_status":"open","ping_status":"open","template":"","meta":{"footnotes":""},"class_list":["post-4","page","type-page","status-publish","hentry"],"_links":{"self":[{"href":"http:\/\/www.oh1aa.net\/web\/wp-json\/wp\/v2\/pages\/4","targetHints":{"allow":["GET"]}}],"collection":[{"href":"http:\/\/www.oh1aa.net\/web\/wp-json\/wp\/v2\/pages"}],"about":[{"href":"http:\/\/www.oh1aa.net\/web\/wp-json\/wp\/v2\/types\/page"}],"author":[{"embeddable":true,"href":"http:\/\/www.oh1aa.net\/web\/wp-json\/wp\/v2\/users\/1"}],"replies":[{"embeddable":true,"href":"http:\/\/www.oh1aa.net\/web\/wp-json\/wp\/v2\/comments?post=4"}],"version-history":[{"count":4,"href":"http:\/\/www.oh1aa.net\/web\/wp-json\/wp\/v2\/pages\/4\/revisions"}],"predecessor-version":[{"id":253,"href":"http:\/\/www.oh1aa.net\/web\/wp-json\/wp\/v2\/pages\/4\/revisions\/253"}],"up":[{"embeddable":true,"href":"http:\/\/www.oh1aa.net\/web\/wp-json\/wp\/v2\/pages\/242"}],"wp:attachment":[{"href":"http:\/\/www.oh1aa.net\/web\/wp-json\/wp\/v2\/media?parent=4"}],"curies":[{"name":"wp","href":"https:\/\/api.w.org\/{rel}","templated":true}]}}