{"id":242,"date":"2012-01-16T17:25:38","date_gmt":"2012-01-16T15:25:38","guid":{"rendered":"http:\/\/www.oh1aa.net\/web\/?page_id=242"},"modified":"2012-01-17T12:32:19","modified_gmt":"2012-01-17T10:32:19","slug":"yhdistys","status":"publish","type":"page","link":"http:\/\/www.oh1aa.net\/web\/yhdistys\/","title":{"rendered":"Yhdistys"},"content":{"rendered":"<p>Turun Radioamat\u00f6\u00f6rit ry on yleishy\u00f6dyllinen yhdistys joka edist\u00e4\u00e4 radioamat\u00f6\u00f6ri toimintaa Turun alueella.<\/p>\n<ul>\n<li><a title=\"Toimintaa\" href=\"http:\/\/www.oh1aa.net\/web\/toimintaa\/\">Toimintaa<\/a><\/li>\n<li><a title=\"Toimihenkil\u00f6t\" href=\"http:\/\/www.oh1aa.net\/web\/yhdistys\/toimihenkilot\/\">Toimihenkil\u00f6t<\/a><\/li>\n<li><a title=\"Yhteystiedot\" href=\"http:\/\/www.oh1aa.net\/web\/yhdistys\/yhteystiedot\/\">Yhteystiedot<\/a><\/li>\n<li><a title=\"Liity j\u00e4seneksi\" href=\"http:\/\/www.oh1aa.net\/web\/jaseneksi\/\">Liity j\u00e4seneksi<\/a><\/li>\n<li><a title=\"S\u00e4\u00e4nn\u00f6t\" href=\"http:\/\/www.oh1aa.net\/web\/yhdistys\/saannot\/\">S\u00e4\u00e4nn\u00f6t<\/a><\/li>\n<li><a title=\"Lehdykk\u00e4-arkisto\" href=\"http:\/\/www.oh1aa.net\/web\/yhdistys\/lehdykka-arkisto\/\">Kerholehti arkisto<\/a><\/li>\n<li><a title=\"Asemat\" href=\"http:\/\/www.oh1aa.net\/web\/asemat\/\">Radioasemat<\/a><\/li>\n<li><a title=\"Kurssit\" href=\"http:\/\/www.oh1aa.net\/web\/kurssit\/\">Radioamat\u00f6\u00f6rikurssit<\/a><\/li>\n<\/ul>\n<p>&nbsp;<\/p>\n","protected":false},"excerpt":{"rendered":"<p>Turun Radioamat\u00f6\u00f6rit ry on yleishy\u00f6dyllinen yhdistys joka edist\u00e4\u00e4 radioamat\u00f6\u00f6ri toimintaa Turun alueella. Toimintaa Toimihenkil\u00f6t Yhteystiedot Liity j\u00e4seneksi S\u00e4\u00e4nn\u00f6t Kerholehti arkisto Radioasemat Radioamat\u00f6\u00f6rikurssit &nbsp;<\/p>\n","protected":false},"author":3,"featured_media":0,"parent":0,"menu_order":0,"comment_status":"open","ping_status":"open","template":"","meta":{"footnotes":""},"class_list":["post-242","page","type-page","status-publish","hentry"],"_links":{"self":[{"href":"http:\/\/www.oh1aa.net\/web\/wp-json\/wp\/v2\/pages\/242","targetHints":{"allow":["GET"]}}],"collection":[{"href":"http:\/\/www.oh1aa.net\/web\/wp-json\/wp\/v2\/pages"}],"about":[{"href":"http:\/\/www.oh1aa.net\/web\/wp-json\/wp\/v2\/types\/page"}],"author":[{"embeddable":true,"href":"http:\/\/www.oh1aa.net\/web\/wp-json\/wp\/v2\/users\/3"}],"replies":[{"embeddable":true,"href":"http:\/\/www.oh1aa.net\/web\/wp-json\/wp\/v2\/comments?post=242"}],"version-history":[{"count":4,"href":"http:\/\/www.oh1aa.net\/web\/wp-json\/wp\/v2\/pages\/242\/revisions"}],"predecessor-version":[{"id":251,"href":"http:\/\/www.oh1aa.net\/web\/wp-json\/wp\/v2\/pages\/242\/revisions\/251"}],"wp:attachment":[{"href":"http:\/\/www.oh1aa.net\/web\/wp-json\/wp\/v2\/media?parent=242"}],"curies":[{"name":"wp","href":"https:\/\/api.w.org\/{rel}","templated":true}]}}