{"id":23,"date":"2010-11-10T10:27:18","date_gmt":"2010-11-10T08:27:18","guid":{"rendered":"http:\/\/new.oh1aa.net\/web\/"},"modified":"2020-10-26T22:34:51","modified_gmt":"2020-10-26T20:34:51","slug":"yhteystiedot","status":"publish","type":"page","link":"http:\/\/www.oh1aa.net\/web\/yhdistys\/yhteystiedot\/","title":{"rendered":"Yhteystiedot"},"content":{"rendered":"<h1>Turun Radioamat\u00f6\u00f6rit ry<\/h1>\n<p>Postiosoite: Sommelontie 61 20900 TURKU<\/p>\n<p><strong>Kerhoasema OH1AA&nbsp;<\/strong><\/p>\n<p>Sommelo, Hirvensalo<br \/>\nKerhoillat&nbsp; torstaisin klo 18.00<br \/>\nS\u00e4hk\u00f6posti:<br \/>\n<img decoding=\"async\" src=\"http:\/\/www.oh1aa.net\/pix\/cqdx.jpg\" alt=\"\"\/><\/p>\n<p>Klikkaa linkki\u00e4 n\u00e4hd\u00e4ksesi paikka kartalla: <a href=\"http:\/\/opaskartta.turku.fi\/Web\/Default.aspx?layers=Opaskartta&amp;cp=6699337,23457285&amp;z=2&amp;title=OH1AA%2C%20Sommelontie%2061%2C%20Turku&amp;language=fin\">Sommelon sijainti<\/a>.<\/p>\n<p><strong>OH1AU<\/strong><\/p>\n<p>Rusko, Rotanvuori, lentokent\u00e4n l\u00e4nsip\u00e4\u00e4n etel\u00e4puolella, yleens\u00e4 testien aikaan avoinna. Reitti kinttupolkua. Ota yhteytt\u00e4 hallitukseen ennen paikalle menoa\/tuloa.<\/p>\n","protected":false},"excerpt":{"rendered":"<p>Turun Radioamat\u00f6\u00f6rit ry Postiosoite: Sommelontie 61 20900 TURKU Kerhoasema OH1AA&nbsp; Sommelo, Hirvensalo Kerhoillat&nbsp; torstaisin klo 18.00 S\u00e4hk\u00f6posti: Klikkaa linkki\u00e4 n\u00e4hd\u00e4ksesi paikka kartalla: Sommelon sijainti. OH1AU Rusko, Rotanvuori, lentokent\u00e4n l\u00e4nsip\u00e4\u00e4n etel\u00e4puolella, yleens\u00e4 testien aikaan avoinna. Reitti kinttupolkua. Ota yhteytt\u00e4 hallitukseen ennen paikalle menoa\/tuloa.<\/p>\n","protected":false},"author":1,"featured_media":0,"parent":242,"menu_order":0,"comment_status":"open","ping_status":"open","template":"","meta":{"footnotes":""},"class_list":["post-23","page","type-page","status-publish","hentry"],"_links":{"self":[{"href":"http:\/\/www.oh1aa.net\/web\/wp-json\/wp\/v2\/pages\/23","targetHints":{"allow":["GET"]}}],"collection":[{"href":"http:\/\/www.oh1aa.net\/web\/wp-json\/wp\/v2\/pages"}],"about":[{"href":"http:\/\/www.oh1aa.net\/web\/wp-json\/wp\/v2\/types\/page"}],"author":[{"embeddable":true,"href":"http:\/\/www.oh1aa.net\/web\/wp-json\/wp\/v2\/users\/1"}],"replies":[{"embeddable":true,"href":"http:\/\/www.oh1aa.net\/web\/wp-json\/wp\/v2\/comments?post=23"}],"version-history":[{"count":20,"href":"http:\/\/www.oh1aa.net\/web\/wp-json\/wp\/v2\/pages\/23\/revisions"}],"predecessor-version":[{"id":720,"href":"http:\/\/www.oh1aa.net\/web\/wp-json\/wp\/v2\/pages\/23\/revisions\/720"}],"up":[{"embeddable":true,"href":"http:\/\/www.oh1aa.net\/web\/wp-json\/wp\/v2\/pages\/242"}],"wp:attachment":[{"href":"http:\/\/www.oh1aa.net\/web\/wp-json\/wp\/v2\/media?parent=23"}],"curies":[{"name":"wp","href":"https:\/\/api.w.org\/{rel}","templated":true}]}}