{"id":228,"date":"2012-01-13T02:40:58","date_gmt":"2012-01-13T00:40:58","guid":{"rendered":"http:\/\/www.oh1aa.net\/web\/?page_id=228"},"modified":"2023-07-19T20:07:54","modified_gmt":"2023-07-19T17:07:54","slug":"lehdykka-arkisto","status":"publish","type":"page","link":"http:\/\/www.oh1aa.net\/web\/yhdistys\/lehdykka-arkisto\/","title":{"rendered":"Lehdykk\u00e4-arkisto"},"content":{"rendered":"<p>Sivulta l\u00f6ytyy kerhon lehdyk\u00e4t niilt\u00e4 osin kuin ne on pdf muodossa saatavilla.<\/p>\n<ul>\n<li><a href=\"http:\/\/www.oh1aa.net\/lehdykka-arkisto\/lehd0123.pdf\" target=\"_blank\" rel=\"noopener\">2023\/1<\/a><\/li>\n<li><a href=\"http:\/\/www.oh1aa.net\/lehdykka-arkisto\/lehd0122.pdf\" target=\"_blank\" rel=\"noopener\">2022\/1<\/a><\/li>\n<li><a href=\"http:\/\/www.oh1aa.net\/lehdykka-arkisto\/lehd0120.pdf\" target=\"_blank\" rel=\"noopener noreferrer\">2020\/1<\/a><\/li>\n<li><a href=\"http:\/\/www.oh1aa.net\/lehdykka-arkisto\/lehd0119.pdf\" target=\"_blank\" rel=\"noopener noreferrer\">2019\/1<\/a> 1.7M<\/li>\n<li><a href=\"http:\/\/www.oh1aa.net\/lehdykka-arkisto\/lehd0118.pdf\" target=\"_blank\" rel=\"noopener noreferrer\">2018\/1<\/a> 1.7M<\/li>\n<li><a href=\"http:\/\/www.oh1aa.net\/lehdykka-arkisto\/lehd0113.pdf\" target=\"_blank\" rel=\"noopener noreferrer\">2013\/1<\/a> 3.7M<\/li>\n<li><a href=\"http:\/\/www.oh1aa.net\/lehdykka-arkisto\/lehd0112.pdf\">2012\/1<\/a> 2.3M<\/li>\n<li><a href=\"http:\/\/www.oh1aa.net\/lehdykka-arkisto\/lehd0110.pdf\">2010\/1<\/a> 6M<\/li>\n<li><a href=\"http:\/\/www.oh1aa.net\/lehdykka-arkisto\/lehd0209.pdf\">2009\/2<\/a> 19M<\/li>\n<li><a href=\"http:\/\/www.oh1aa.net\/lehdykka-arkisto\/lehd0109.pdf\">2009\/1<\/a><\/li>\n<li><a href=\"http:\/\/www.oh1aa.net\/lehdykka-arkisto\/lehd0208.pdf\">2008\/2<\/a><\/li>\n<li><a href=\"http:\/\/www.oh1aa.net\/lehdykka-arkisto\/lehd0108.pdf\">2008\/1<\/a><\/li>\n<li><a href=\"http:\/\/www.oh1aa.net\/lehdykka-arkisto\/lehd0107.pdf\">2007\/1<\/a><\/li>\n<li><a href=\"http:\/\/www.oh1aa.net\/lehdykka-arkisto\/lehd0206.pdf\">2006\/2<\/a><\/li>\n<li><a href=\"http:\/\/www.oh1aa.net\/lehdykka-arkisto\/lehd0106.pdf\">2006\/1<\/a><\/li>\n<li><a href=\"http:\/\/www.oh1aa.net\/lehdykka-arkisto\/lehd0105.pdf\">2005\/1<\/a><\/li>\n<li><a href=\"http:\/\/www.oh1aa.net\/lehdykka-arkisto\/lehd0104.pdf\">2004\/1<\/a><\/li>\n<li><a href=\"http:\/\/www.oh1aa.net\/lehdykka-arkisto\/lehd0303.pdf\">2003\/3<\/a><\/li>\n<li><a href=\"http:\/\/www.oh1aa.net\/lehdykka-arkisto\/lehd0203.pdf\">2003\/2<\/a><\/li>\n<li><a href=\"http:\/\/www.oh1aa.net\/lehdykka-arkisto\/lehd0103.pdf\">2003\/1<\/a><\/li>\n<li><a href=\"http:\/\/www.oh1aa.net\/lehdykka-arkisto\/lehd0202.pdf\">2002\/2<\/a><\/li>\n<li><a href=\"http:\/\/www.oh1aa.net\/lehdykka-arkisto\/lehd0102.pdf\">2002\/1<\/a><\/li>\n<li><a href=\"http:\/\/www.oh1aa.net\/lehdykka-arkisto\/lehd0301.pdf\">2001\/3<\/a><\/li>\n<li><a href=\"http:\/\/www.oh1aa.net\/lehdykka-arkisto\/lehd0201.pdf\">2001\/2<\/a><\/li>\n<li><a href=\"http:\/\/www.oh1aa.net\/lehdykka-arkisto\/lehd0101.pdf\">2001\/1<\/a><\/li>\n<li><a href=\"http:\/\/www.oh1aa.net\/lehdykka-arkisto\/lehd0200.pdf\">2000\/2<\/a><\/li>\n<li><a href=\"http:\/\/www.oh1aa.net\/lehdykka-arkisto\/lehd0100.pdf\">2000\/1<\/a><\/li>\n<li><a href=\"http:\/\/www.oh1aa.net\/lehdykka-arkisto\/lehd0399.pdf\">1999\/3<\/a><\/li>\n<li><a href=\"http:\/\/www.oh1aa.net\/lehdykka-arkisto\/lehd0299.pdf\">1999\/2<\/a><\/li>\n<li><a href=\"http:\/\/www.oh1aa.net\/lehdykka-arkisto\/lehd0199.pdf\">1999\/1<\/a><\/li>\n<li><a href=\"http:\/\/www.oh1aa.net\/lehdykka-arkisto\/lehd0398.pdf\">1998\/3<\/a><\/li>\n<li><a href=\"http:\/\/www.oh1aa.net\/lehdykka-arkisto\/lehd0298.pdf\">1998\/2<\/a><\/li>\n<li><a href=\"http:\/\/www.oh1aa.net\/lehdykka-arkisto\/lehd0198.pdf\">1998\/1<\/a><\/li>\n<\/ul>\n","protected":false},"excerpt":{"rendered":"<p>Sivulta l\u00f6ytyy kerhon lehdyk\u00e4t niilt\u00e4 osin kuin ne on pdf muodossa saatavilla. 2023\/1 2022\/1 2020\/1 2019\/1 1.7M 2018\/1 1.7M 2013\/1 3.7M 2012\/1 2.3M 2010\/1 6M 2009\/2 19M 2009\/1 2008\/2 2008\/1 2007\/1 2006\/2 2006\/1 2005\/1 2004\/1 2003\/3 2003\/2 2003\/1 2002\/2 2002\/1 2001\/3 2001\/2 2001\/1 2000\/2 2000\/1 1999\/3 1999\/2 1999\/1 1998\/3 1998\/2 1998\/1<\/p>\n","protected":false},"author":3,"featured_media":0,"parent":242,"menu_order":99,"comment_status":"open","ping_status":"open","template":"","meta":{"footnotes":""},"class_list":["post-228","page","type-page","status-publish","hentry"],"_links":{"self":[{"href":"http:\/\/www.oh1aa.net\/web\/wp-json\/wp\/v2\/pages\/228","targetHints":{"allow":["GET"]}}],"collection":[{"href":"http:\/\/www.oh1aa.net\/web\/wp-json\/wp\/v2\/pages"}],"about":[{"href":"http:\/\/www.oh1aa.net\/web\/wp-json\/wp\/v2\/types\/page"}],"author":[{"embeddable":true,"href":"http:\/\/www.oh1aa.net\/web\/wp-json\/wp\/v2\/users\/3"}],"replies":[{"embeddable":true,"href":"http:\/\/www.oh1aa.net\/web\/wp-json\/wp\/v2\/comments?post=228"}],"version-history":[{"count":20,"href":"http:\/\/www.oh1aa.net\/web\/wp-json\/wp\/v2\/pages\/228\/revisions"}],"predecessor-version":[{"id":825,"href":"http:\/\/www.oh1aa.net\/web\/wp-json\/wp\/v2\/pages\/228\/revisions\/825"}],"up":[{"embeddable":true,"href":"http:\/\/www.oh1aa.net\/web\/wp-json\/wp\/v2\/pages\/242"}],"wp:attachment":[{"href":"http:\/\/www.oh1aa.net\/web\/wp-json\/wp\/v2\/media?parent=228"}],"curies":[{"name":"wp","href":"https:\/\/api.w.org\/{rel}","templated":true}]}}