{"id":13,"date":"2010-11-10T10:22:45","date_gmt":"2010-11-10T08:22:45","guid":{"rendered":"http:\/\/new.oh1aa.net\/web\/"},"modified":"2024-06-09T13:40:16","modified_gmt":"2024-06-09T10:40:16","slug":"oh1aa","status":"publish","type":"page","link":"http:\/\/www.oh1aa.net\/web\/asemat\/oh1aa\/","title":{"rendered":"OH1AA &#8211; Sommelo"},"content":{"rendered":"<p>Klikkaa linkki\u00e4 n\u00e4hd\u00e4ksesi paikka kartalla: <a href=\"https:\/\/opaskartta.turku.fi\/IMS\/?layers=Opaskartta&amp;cp=6699328,23457291&amp;z=0.25&amp;title=sommelo%20oh1aa\" target=\"main\" rel=\"noopener\">Sommelon sijainti<\/a>.<\/p>\n<p><strong>OH1AA<\/strong> -asema Hirvensalon Sommelossa on p\u00e4\u00e4majamme. Radiokalustosta l\u00f6ytyv\u00e4t kilpailukykyiset transiiverit ja vahvistimet sek\u00e4 mukavat workinta- ja oleskelutilat. Asemalta l\u00f6ytyy niin HF, kuin muutaman vuoden sis\u00e4ll\u00e4 lis\u00e4tyt VHF-kalustot\u00a0 6, 4, sek\u00e4 2 metrille bandeille. Nyt olemme HF-ty\u00f6skentelyn lis\u00e4ksi valmiita satunnaisten tropo- sek\u00e4 ES-kelien varalta.<\/p>\n<p>Mastot ja antennit ovat t\u00e4ll\u00e4 hetkell\u00e4 p\u00e4ivityksen alla. Uusi k\u00e4\u00e4ntyv\u00e4 masto sai vuonna 2018 antennit yl\u00f6s ja viel\u00e4 rakenteilla on kerhon omien asiantuntijoiden voimin k\u00e4\u00e4nt\u00f6mekaniikka. Workkiminen uusilla antenneilla (mm. 40m 2 el) onnistuu jo nyt. Kerhoin toimintaa kehitet\u00e4\u00e4n jatkuvasti!<\/p>\n<p>Itse rakennus on takavuosina kerhon old timereiden suurella ty\u00f6ll\u00e4 (ikuinen tnx) kunnostama hirsirakennus, jonka onnellisia omistajia olemme olleet vuodesta 2007 saakka (t\u00e4t\u00e4 edelt\u00e4v\u00e4n 30-vuoden jakson olimme vuokralaisia). Sis\u00e4ll\u00e4 on eritt\u00e4in viihtyis\u00e4t oleskelutilat ja useinmiten kerhoillat venyv\u00e4t jopa puoleen y\u00f6h\u00f6n saakka. J\u00e4seni\u00e4 paikalla on harvemmin alle kymmenen ja useasti jotain 15 ja 20 v\u00e4lilt\u00e4. Pihalta, kuin sis\u00e4lt\u00e4kin l\u00f6ytyy tulisijat, ulkoa tiilinen grilli ja sis\u00e4lt\u00e4 takka luomaan luomaan tunnelmaa.<\/p>\n<p>73 ja tervetuloa!<\/p>\n","protected":false},"excerpt":{"rendered":"<p>Klikkaa linkki\u00e4 n\u00e4hd\u00e4ksesi paikka kartalla: Sommelon sijainti. OH1AA -asema Hirvensalon Sommelossa on p\u00e4\u00e4majamme. Radiokalustosta l\u00f6ytyv\u00e4t kilpailukykyiset transiiverit ja vahvistimet sek\u00e4 mukavat workinta- ja oleskelutilat. Asemalta l\u00f6ytyy niin HF, kuin muutaman vuoden sis\u00e4ll\u00e4 lis\u00e4tyt VHF-kalustot\u00a0 6, 4, sek\u00e4 2 metrille bandeille. Nyt olemme HF-ty\u00f6skentelyn lis\u00e4ksi valmiita satunnaisten tropo- sek\u00e4 ES-kelien varalta. Mastot ja antennit ovat t\u00e4ll\u00e4 &hellip; <a href=\"http:\/\/www.oh1aa.net\/web\/asemat\/oh1aa\/\" class=\"more-link\">Jatka lukemista <span class=\"screen-reader-text\">OH1AA &#8211; Sommelo<\/span> <span class=\"meta-nav\">&rarr;<\/span><\/a><\/p>\n","protected":false},"author":1,"featured_media":0,"parent":11,"menu_order":0,"comment_status":"open","ping_status":"open","template":"","meta":{"footnotes":""},"class_list":["post-13","page","type-page","status-publish","hentry"],"_links":{"self":[{"href":"http:\/\/www.oh1aa.net\/web\/wp-json\/wp\/v2\/pages\/13","targetHints":{"allow":["GET"]}}],"collection":[{"href":"http:\/\/www.oh1aa.net\/web\/wp-json\/wp\/v2\/pages"}],"about":[{"href":"http:\/\/www.oh1aa.net\/web\/wp-json\/wp\/v2\/types\/page"}],"author":[{"embeddable":true,"href":"http:\/\/www.oh1aa.net\/web\/wp-json\/wp\/v2\/users\/1"}],"replies":[{"embeddable":true,"href":"http:\/\/www.oh1aa.net\/web\/wp-json\/wp\/v2\/comments?post=13"}],"version-history":[{"count":24,"href":"http:\/\/www.oh1aa.net\/web\/wp-json\/wp\/v2\/pages\/13\/revisions"}],"predecessor-version":[{"id":851,"href":"http:\/\/www.oh1aa.net\/web\/wp-json\/wp\/v2\/pages\/13\/revisions\/851"}],"up":[{"embeddable":true,"href":"http:\/\/www.oh1aa.net\/web\/wp-json\/wp\/v2\/pages\/11"}],"wp:attachment":[{"href":"http:\/\/www.oh1aa.net\/web\/wp-json\/wp\/v2\/media?parent=13"}],"curies":[{"name":"wp","href":"https:\/\/api.w.org\/{rel}","templated":true}]}}