{"id":11,"date":"2010-11-10T10:20:17","date_gmt":"2010-11-10T08:20:17","guid":{"rendered":"http:\/\/new.oh1aa.net\/web\/"},"modified":"2015-01-23T16:47:20","modified_gmt":"2015-01-23T14:47:20","slug":"asemat","status":"publish","type":"page","link":"http:\/\/www.oh1aa.net\/web\/asemat\/","title":{"rendered":"Asemat"},"content":{"rendered":"<p>Turun Radioamat\u00f6\u00f6rit Ry:ll\u00e4 on k\u00e4yt\u00f6ss\u00e4\u00e4n kaksi eri asemakokonaisuutta:<\/p>\n<p><strong>OH1AA<\/strong> asema hirvensalon <em>sommelossa<\/em> on kattavin HF-asemamme. T\u00e4t\u00e4 nyky\u00e4 varustukseen on lis\u00e4tty my\u00f6s VHF-kalustoa, mm. 6:n, 4:n, sek\u00e4 2 metrin bandeille lis\u00e4\u00e4m\u00e4\u00e4n valmiutta satunnaisten tropojen sek\u00e4 Es-kelien varalta.<\/p>\n<p><strong>OH1AU<\/strong> sijaitsee Ruskon<em> rotavuorella<\/em> ja on p\u00e4\u00e4asiallisin VHF\/UHF-asemamme. Paikalta l\u00f6ytyy antennivarustusta my\u00f6s alemmille bandeille. Korkeutensa vuoksi paikka on ehdoton VHF\/UHF-ty\u00f6skentelyyn ja asema onkin saanut hyv\u00e4t sijoitukset aina osallistuessaan kilpailuihin.<\/p>\n<p>Lis\u00e4\u00e4 tarkempia asemakohtaisia tietoja l\u00f6yd\u00e4t asemat -valikosta.<\/p>\n","protected":false},"excerpt":{"rendered":"<p>Turun Radioamat\u00f6\u00f6rit Ry:ll\u00e4 on k\u00e4yt\u00f6ss\u00e4\u00e4n kaksi eri asemakokonaisuutta: OH1AA asema hirvensalon sommelossa on kattavin HF-asemamme. T\u00e4t\u00e4 nyky\u00e4 varustukseen on lis\u00e4tty my\u00f6s VHF-kalustoa, mm. 6:n, 4:n, sek\u00e4 2 metrin bandeille lis\u00e4\u00e4m\u00e4\u00e4n valmiutta satunnaisten tropojen sek\u00e4 Es-kelien varalta. OH1AU sijaitsee Ruskon rotavuorella ja on p\u00e4\u00e4asiallisin VHF\/UHF-asemamme. Paikalta l\u00f6ytyy antennivarustusta my\u00f6s alemmille bandeille. Korkeutensa vuoksi paikka on ehdoton &hellip; <a href=\"http:\/\/www.oh1aa.net\/web\/asemat\/\" class=\"more-link\">Jatka lukemista <span class=\"screen-reader-text\">Asemat<\/span> <span class=\"meta-nav\">&rarr;<\/span><\/a><\/p>\n","protected":false},"author":1,"featured_media":0,"parent":0,"menu_order":0,"comment_status":"open","ping_status":"open","template":"","meta":{"footnotes":""},"class_list":["post-11","page","type-page","status-publish","hentry"],"_links":{"self":[{"href":"http:\/\/www.oh1aa.net\/web\/wp-json\/wp\/v2\/pages\/11","targetHints":{"allow":["GET"]}}],"collection":[{"href":"http:\/\/www.oh1aa.net\/web\/wp-json\/wp\/v2\/pages"}],"about":[{"href":"http:\/\/www.oh1aa.net\/web\/wp-json\/wp\/v2\/types\/page"}],"author":[{"embeddable":true,"href":"http:\/\/www.oh1aa.net\/web\/wp-json\/wp\/v2\/users\/1"}],"replies":[{"embeddable":true,"href":"http:\/\/www.oh1aa.net\/web\/wp-json\/wp\/v2\/comments?post=11"}],"version-history":[{"count":9,"href":"http:\/\/www.oh1aa.net\/web\/wp-json\/wp\/v2\/pages\/11\/revisions"}],"predecessor-version":[{"id":461,"href":"http:\/\/www.oh1aa.net\/web\/wp-json\/wp\/v2\/pages\/11\/revisions\/461"}],"wp:attachment":[{"href":"http:\/\/www.oh1aa.net\/web\/wp-json\/wp\/v2\/media?parent=11"}],"curies":[{"name":"wp","href":"https:\/\/api.w.org\/{rel}","templated":true}]}}